{"id":559,"date":"2023-01-29T10:43:41","date_gmt":"2023-01-29T10:43:41","guid":{"rendered":"https:\/\/latis.ma\/?page_id=559"},"modified":"2023-01-29T17:07:13","modified_gmt":"2023-01-29T17:07:13","slug":"politique-qhse","status":"publish","type":"page","link":"https:\/\/latis.ma\/?page_id=559","title":{"rendered":"Politique QHSE"},"content":{"rendered":"\t\t<div data-elementor-type=\"wp-page\" data-elementor-id=\"559\" class=\"elementor elementor-559\">\n\t\t\t\t\t\t\t\t\t<section class=\"elementor-section elementor-top-section elementor-element elementor-element-9a70e46 elementor-section-full_width elementor-section-height-min-height elementor-section-height-default elementor-section-items-middle wpr-particle-no wpr-jarallax-no wpr-parallax-no wpr-sticky-section-no\" data-id=\"9a70e46\" data-element_type=\"section\" data-settings=\"{&quot;background_background&quot;:&quot;classic&quot;}\">\n\t\t\t\t\t\t<div class=\"elementor-container elementor-column-gap-no\">\n\t\t\t\t\t<div class=\"elementor-column elementor-col-100 elementor-top-column elementor-element elementor-element-1507931\" data-id=\"1507931\" data-element_type=\"column\">\n\t\t\t<div class=\"elementor-widget-wrap elementor-element-populated\">\n\t\t\t\t\t\t\t\t<div class=\"elementor-element elementor-element-d2bd14d elementor-widget elementor-widget-heading\" data-id=\"d2bd14d\" data-element_type=\"widget\" data-widget_type=\"heading.default\">\n\t\t\t\t<div class=\"elementor-widget-container\">\n\t\t\t<style>\/*! elementor - v3.10.1 - 17-01-2023 *\/\n.elementor-heading-title{padding:0;margin:0;line-height:1}.elementor-widget-heading .elementor-heading-title[class*=elementor-size-]>a{color:inherit;font-size:inherit;line-height:inherit}.elementor-widget-heading .elementor-heading-title.elementor-size-small{font-size:15px}.elementor-widget-heading .elementor-heading-title.elementor-size-medium{font-size:19px}.elementor-widget-heading .elementor-heading-title.elementor-size-large{font-size:29px}.elementor-widget-heading .elementor-heading-title.elementor-size-xl{font-size:39px}.elementor-widget-heading .elementor-heading-title.elementor-size-xxl{font-size:59px}<\/style><h2 class=\"elementor-heading-title elementor-size-default\">Politique QHSE<\/h2>\t\t<\/div>\n\t\t\t\t<\/div>\n\t\t\t\t\t<\/div>\n\t\t<\/div>\n\t\t\t\t\t\t\t<\/div>\n\t\t<\/section>\n\t\t\t\t<section class=\"elementor-section elementor-top-section elementor-element elementor-element-c5eaed7 elementor-section-boxed elementor-section-height-default elementor-section-height-default wpr-particle-no wpr-jarallax-no wpr-parallax-no wpr-sticky-section-no\" data-id=\"c5eaed7\" data-element_type=\"section\">\n\t\t\t\t\t\t<div class=\"elementor-container elementor-column-gap-default\">\n\t\t\t\t\t<div class=\"elementor-column elementor-col-50 elementor-top-column elementor-element elementor-element-c1ae971\" data-id=\"c1ae971\" data-element_type=\"column\">\n\t\t\t<div class=\"elementor-widget-wrap elementor-element-populated\">\n\t\t\t\t\t\t\t\t<div class=\"elementor-element elementor-element-00e7c06 elementor-widget elementor-widget-image\" data-id=\"00e7c06\" data-element_type=\"widget\" data-widget_type=\"image.default\">\n\t\t\t\t<div class=\"elementor-widget-container\">\n\t\t\t<style>\/*! elementor - v3.10.1 - 17-01-2023 *\/\n.elementor-widget-image{text-align:center}.elementor-widget-image a{display:inline-block}.elementor-widget-image a img[src$=\".svg\"]{width:48px}.elementor-widget-image img{vertical-align:middle;display:inline-block}<\/style>\t\t\t\t\t\t\t\t\t\t\t\t<img loading=\"lazy\" decoding=\"async\" width=\"1024\" height=\"683\" src=\"https:\/\/latis.ma\/wp-content\/uploads\/2023\/01\/smart-indian-engineer-man-wearing-safety-helmet-doing-stock-tick-check-cardboard-stock-product-management-factory-warehouse-background-1024x683.jpg\" class=\"attachment-large size-large wp-image-570\" alt=\"\" srcset=\"https:\/\/latis.ma\/wp-content\/uploads\/2023\/01\/smart-indian-engineer-man-wearing-safety-helmet-doing-stock-tick-check-cardboard-stock-product-management-factory-warehouse-background-1024x683.jpg 1024w, https:\/\/latis.ma\/wp-content\/uploads\/2023\/01\/smart-indian-engineer-man-wearing-safety-helmet-doing-stock-tick-check-cardboard-stock-product-management-factory-warehouse-background-300x200.jpg 300w, https:\/\/latis.ma\/wp-content\/uploads\/2023\/01\/smart-indian-engineer-man-wearing-safety-helmet-doing-stock-tick-check-cardboard-stock-product-management-factory-warehouse-background-768x513.jpg 768w, https:\/\/latis.ma\/wp-content\/uploads\/2023\/01\/smart-indian-engineer-man-wearing-safety-helmet-doing-stock-tick-check-cardboard-stock-product-management-factory-warehouse-background.jpg 1500w\" sizes=\"auto, (max-width: 1024px) 100vw, 1024px\" \/>\t\t\t\t\t\t\t\t\t\t\t\t\t\t\t<\/div>\n\t\t\t\t<\/div>\n\t\t\t\t\t<\/div>\n\t\t<\/div>\n\t\t\t\t<div class=\"elementor-column elementor-col-50 elementor-top-column elementor-element elementor-element-8b68fed\" data-id=\"8b68fed\" data-element_type=\"column\">\n\t\t\t<div class=\"elementor-widget-wrap elementor-element-populated\">\n\t\t\t\t\t\t\t\t<div class=\"elementor-element elementor-element-2bd026e elementor-widget elementor-widget-heading\" data-id=\"2bd026e\" data-element_type=\"widget\" data-widget_type=\"heading.default\">\n\t\t\t\t<div class=\"elementor-widget-container\">\n\t\t\t<h2 class=\"elementor-heading-title elementor-size-default\">Politique qualit\u00e9, s\u00e9curit\u00e9 et environnement\n<\/h2>\t\t<\/div>\n\t\t\t\t<\/div>\n\t\t\t\t<div class=\"elementor-element elementor-element-1eaf045 elementor-widget elementor-widget-text-editor\" data-id=\"1eaf045\" data-element_type=\"widget\" data-widget_type=\"text-editor.default\">\n\t\t\t\t<div class=\"elementor-widget-container\">\n\t\t\t<style>\/*! elementor - v3.10.1 - 17-01-2023 *\/\n.elementor-widget-text-editor.elementor-drop-cap-view-stacked .elementor-drop-cap{background-color:#818a91;color:#fff}.elementor-widget-text-editor.elementor-drop-cap-view-framed .elementor-drop-cap{color:#818a91;border:3px solid;background-color:transparent}.elementor-widget-text-editor:not(.elementor-drop-cap-view-default) .elementor-drop-cap{margin-top:8px}.elementor-widget-text-editor:not(.elementor-drop-cap-view-default) .elementor-drop-cap-letter{width:1em;height:1em}.elementor-widget-text-editor .elementor-drop-cap{float:left;text-align:center;line-height:1;font-size:50px}.elementor-widget-text-editor .elementor-drop-cap-letter{display:inline-block}<\/style>\t\t\t\t<p>Pour assurer le d\u00e9veloppement et la p\u00e9rennit\u00e9 de LATIS, la direction de l\u2019entreprise a d\u00e9cid\u00e9 de s\u2019engager dans une politique de respect<br \/>et d\u2019am\u00e9lioration de la s\u00e9curit\u00e9 et de la qualit\u00e9.<\/p>\t\t\t\t\t\t<\/div>\n\t\t\t\t<\/div>\n\t\t\t\t\t<\/div>\n\t\t<\/div>\n\t\t\t\t\t\t\t<\/div>\n\t\t<\/section>\n\t\t\t\t<section class=\"elementor-section elementor-top-section elementor-element elementor-element-61a7393 elementor-section-boxed elementor-section-height-default elementor-section-height-default wpr-particle-no wpr-jarallax-no wpr-parallax-no wpr-sticky-section-no\" data-id=\"61a7393\" data-element_type=\"section\">\n\t\t\t\t\t\t<div class=\"elementor-container elementor-column-gap-default\">\n\t\t\t\t\t<div class=\"elementor-column elementor-col-100 elementor-top-column elementor-element elementor-element-f1da44d\" data-id=\"f1da44d\" data-element_type=\"column\">\n\t\t\t<div class=\"elementor-widget-wrap elementor-element-populated\">\n\t\t\t\t\t\t\t\t<div class=\"elementor-element elementor-element-85ed6e2 elementor-tabs-view-horizontal elementor-widget elementor-widget-tabs\" data-id=\"85ed6e2\" data-element_type=\"widget\" data-widget_type=\"tabs.default\">\n\t\t\t\t<div class=\"elementor-widget-container\">\n\t\t\t<style>\/*! elementor - v3.10.1 - 17-01-2023 *\/\n.elementor-widget-tabs.elementor-tabs-view-vertical .elementor-tabs-wrapper{width:25%;flex-shrink:0}.elementor-widget-tabs.elementor-tabs-view-vertical .elementor-tab-desktop-title.elementor-active{border-right-style:none}.elementor-widget-tabs.elementor-tabs-view-vertical .elementor-tab-desktop-title.elementor-active:after,.elementor-widget-tabs.elementor-tabs-view-vertical .elementor-tab-desktop-title.elementor-active:before{height:999em;width:0;right:0;border-right-style:solid}.elementor-widget-tabs.elementor-tabs-view-vertical .elementor-tab-desktop-title.elementor-active:before{top:0;transform:translateY(-100%)}.elementor-widget-tabs.elementor-tabs-view-vertical .elementor-tab-desktop-title.elementor-active:after{top:100%}.elementor-widget-tabs.elementor-tabs-view-horizontal .elementor-tab-desktop-title{display:table-cell}.elementor-widget-tabs.elementor-tabs-view-horizontal .elementor-tab-desktop-title.elementor-active{border-bottom-style:none}.elementor-widget-tabs.elementor-tabs-view-horizontal .elementor-tab-desktop-title.elementor-active:after,.elementor-widget-tabs.elementor-tabs-view-horizontal .elementor-tab-desktop-title.elementor-active:before{bottom:0;height:0;width:999em;border-bottom-style:solid}.elementor-widget-tabs.elementor-tabs-view-horizontal .elementor-tab-desktop-title.elementor-active:before{right:100%}.elementor-widget-tabs.elementor-tabs-view-horizontal .elementor-tab-desktop-title.elementor-active:after{left:100%}.elementor-widget-tabs .elementor-tab-content,.elementor-widget-tabs .elementor-tab-title,.elementor-widget-tabs .elementor-tab-title:after,.elementor-widget-tabs .elementor-tab-title:before,.elementor-widget-tabs .elementor-tabs-content-wrapper{border:1px #d4d4d4}.elementor-widget-tabs .elementor-tabs{text-align:left}.elementor-widget-tabs .elementor-tabs-wrapper{overflow:hidden}.elementor-widget-tabs .elementor-tab-title{cursor:pointer;outline:var(--focus-outline,none)}.elementor-widget-tabs .elementor-tab-desktop-title{position:relative;padding:20px 25px;font-weight:700;line-height:1;border:solid transparent}.elementor-widget-tabs .elementor-tab-desktop-title.elementor-active{border-color:#d4d4d4}.elementor-widget-tabs .elementor-tab-desktop-title.elementor-active:after,.elementor-widget-tabs .elementor-tab-desktop-title.elementor-active:before{display:block;content:\"\";position:absolute}.elementor-widget-tabs .elementor-tab-desktop-title:focus-visible{border:1px solid #000}.elementor-widget-tabs .elementor-tab-mobile-title{padding:10px;cursor:pointer}.elementor-widget-tabs .elementor-tab-content{padding:20px;display:none}@media (max-width:767px){.elementor-tabs .elementor-tab-content,.elementor-tabs .elementor-tab-title{border-style:solid solid none}.elementor-tabs .elementor-tabs-wrapper{display:none}.elementor-tabs .elementor-tabs-content-wrapper{border-bottom-style:solid}.elementor-tabs .elementor-tab-content{padding:10px}}@media (min-width:768px){.elementor-widget-tabs.elementor-tabs-view-vertical .elementor-tabs{display:flex}.elementor-widget-tabs.elementor-tabs-view-vertical .elementor-tabs-wrapper{flex-direction:column}.elementor-widget-tabs.elementor-tabs-view-vertical .elementor-tabs-content-wrapper{flex-grow:1;border-style:solid solid solid none}.elementor-widget-tabs.elementor-tabs-view-horizontal .elementor-tab-content{border-style:none solid solid}.elementor-widget-tabs.elementor-tabs-alignment-center .elementor-tabs-wrapper,.elementor-widget-tabs.elementor-tabs-alignment-end .elementor-tabs-wrapper,.elementor-widget-tabs.elementor-tabs-alignment-stretch .elementor-tabs-wrapper{display:flex}.elementor-widget-tabs.elementor-tabs-alignment-center .elementor-tabs-wrapper{justify-content:center}.elementor-widget-tabs.elementor-tabs-alignment-end .elementor-tabs-wrapper{justify-content:flex-end}.elementor-widget-tabs.elementor-tabs-alignment-stretch.elementor-tabs-view-horizontal .elementor-tab-title{width:100%}.elementor-widget-tabs.elementor-tabs-alignment-stretch.elementor-tabs-view-vertical .elementor-tab-title{height:100%}.elementor-tabs .elementor-tab-mobile-title{display:none}}<\/style>\t\t<div class=\"elementor-tabs\">\n\t\t\t<div class=\"elementor-tabs-wrapper\" role=\"tablist\" >\n\t\t\t\t\t\t\t\t\t<div id=\"elementor-tab-title-1401\" class=\"elementor-tab-title elementor-tab-desktop-title\" aria-selected=\"true\" data-tab=\"1\" role=\"tab\" tabindex=\"0\" aria-controls=\"elementor-tab-content-1401\" aria-expanded=\"false\">Nos enjeux<\/div>\n\t\t\t\t\t\t\t\t\t<div id=\"elementor-tab-title-1402\" class=\"elementor-tab-title elementor-tab-desktop-title\" aria-selected=\"false\" data-tab=\"2\" role=\"tab\" tabindex=\"-1\" aria-controls=\"elementor-tab-content-1402\" aria-expanded=\"false\">Nos priorit\u00e9s<\/div>\n\t\t\t\t\t\t\t\t\t<div id=\"elementor-tab-title-1403\" class=\"elementor-tab-title elementor-tab-desktop-title\" aria-selected=\"false\" data-tab=\"3\" role=\"tab\" tabindex=\"-1\" aria-controls=\"elementor-tab-content-1403\" aria-expanded=\"false\">Nos moyens<\/div>\n\t\t\t\t\t\t\t<\/div>\n\t\t\t<div class=\"elementor-tabs-content-wrapper\" role=\"tablist\" aria-orientation=\"vertical\">\n\t\t\t\t\t\t\t\t\t<div class=\"elementor-tab-title elementor-tab-mobile-title\" aria-selected=\"true\" data-tab=\"1\" role=\"tab\" tabindex=\"0\" aria-controls=\"elementor-tab-content-1401\" aria-expanded=\"false\">Nos enjeux<\/div>\n\t\t\t\t\t<div id=\"elementor-tab-content-1401\" class=\"elementor-tab-content elementor-clearfix\" data-tab=\"1\" role=\"tabpanel\" aria-labelledby=\"elementor-tab-title-1401\" tabindex=\"0\" hidden=\"false\"><ul><li>Pour conqu\u00e9rir ses clients, LATIS veut \u00eatre reconnu comme un acteur fiable et s\u00e9curisant sur son m\u00e9tier.<\/li><li>LATIS entend faire la preuve de son engagement par le respect de ses obligations envers ses clients.<\/li><\/ul><\/div>\n\t\t\t\t\t\t\t\t\t<div class=\"elementor-tab-title elementor-tab-mobile-title\" aria-selected=\"false\" data-tab=\"2\" role=\"tab\" tabindex=\"-1\" aria-controls=\"elementor-tab-content-1402\" aria-expanded=\"false\">Nos priorit\u00e9s<\/div>\n\t\t\t\t\t<div id=\"elementor-tab-content-1402\" class=\"elementor-tab-content elementor-clearfix\" data-tab=\"2\" role=\"tabpanel\" aria-labelledby=\"elementor-tab-title-1402\" tabindex=\"0\" hidden=\"hidden\"><ul><li>Mettre tout en \u0153uvre pour garantir et am\u00e9liorer la s\u00e9curit\u00e9 et le confort physique et psychologique de nos ressources humaines.<\/li><li>Am\u00e9liorer la qualit\u00e9 et la suret\u00e9 de nos r\u00e9alisations dans le strict respect des normes et des l\u00e9gislations.<\/li><li>R\u00e9duire nos consommations et notre impact sur l\u2019environnement, lors de chaque \u00e9tape de notre processus.<\/li><li>Ecouter, comprendre et proposer le juste produit \u00e0 nos clients.<\/li><\/ul><\/div>\n\t\t\t\t\t\t\t\t\t<div class=\"elementor-tab-title elementor-tab-mobile-title\" aria-selected=\"false\" data-tab=\"3\" role=\"tab\" tabindex=\"-1\" aria-controls=\"elementor-tab-content-1403\" aria-expanded=\"false\">Nos moyens<\/div>\n\t\t\t\t\t<div id=\"elementor-tab-content-1403\" class=\"elementor-tab-content elementor-clearfix\" data-tab=\"3\" role=\"tabpanel\" aria-labelledby=\"elementor-tab-title-1403\" tabindex=\"0\" hidden=\"hidden\"><ul><li>LATIS communiquera \u00e0 ses clients les engagements et les exigences de l\u2019entreprise en mati\u00e8re de qualit\u00e9, de s\u00e9curit\u00e9 et d\u2019environnement. Cela sera la base de sa relation commerciale et la raison de son d\u00e9veloppement.<\/li><li>LATIS sensibilisera, formera et int\u00e9ressera ses collaborateurs \u00e0 la r\u00e9alisation de ses priorit\u00e9s. Ce sera l\u2019affaire de tous et la ressource de ces ambitions.<\/li><\/ul><\/div>\n\t\t\t\t\t\t\t<\/div>\n\t\t<\/div>\n\t\t\t\t<\/div>\n\t\t\t\t<\/div>\n\t\t\t\t\t<\/div>\n\t\t<\/div>\n\t\t\t\t\t\t\t<\/div>\n\t\t<\/section>\n\t\t\t\t<section class=\"elementor-section elementor-top-section elementor-element elementor-element-da1a053 elementor-section-boxed elementor-section-height-default elementor-section-height-default wpr-particle-no wpr-jarallax-no wpr-parallax-no wpr-sticky-section-no\" data-id=\"da1a053\" data-element_type=\"section\">\n\t\t\t\t\t\t<div class=\"elementor-container elementor-column-gap-default\">\n\t\t\t\t\t<div class=\"elementor-column elementor-col-100 elementor-top-column elementor-element elementor-element-0df385d\" data-id=\"0df385d\" data-element_type=\"column\">\n\t\t\t<div class=\"elementor-widget-wrap elementor-element-populated\">\n\t\t\t\t\t\t\t\t<div class=\"elementor-element elementor-element-376e9f6 elementor-widget elementor-widget-spacer\" data-id=\"376e9f6\" data-element_type=\"widget\" data-widget_type=\"spacer.default\">\n\t\t\t\t<div class=\"elementor-widget-container\">\n\t\t\t<style>\/*! elementor - v3.10.1 - 17-01-2023 *\/\n.elementor-column .elementor-spacer-inner{height:var(--spacer-size)}.e-con{--container-widget-width:100%}.e-con-inner>.elementor-widget-spacer,.e-con>.elementor-widget-spacer{width:var(--container-widget-width,var(--spacer-size));--align-self:var(--container-widget-align-self,initial);--flex-shrink:0}.e-con-inner>.elementor-widget-spacer>.elementor-widget-container,.e-con-inner>.elementor-widget-spacer>.elementor-widget-container>.elementor-spacer,.e-con>.elementor-widget-spacer>.elementor-widget-container,.e-con>.elementor-widget-spacer>.elementor-widget-container>.elementor-spacer{height:100%}.e-con-inner>.elementor-widget-spacer>.elementor-widget-container>.elementor-spacer>.elementor-spacer-inner,.e-con>.elementor-widget-spacer>.elementor-widget-container>.elementor-spacer>.elementor-spacer-inner{height:var(--container-widget-height,var(--spacer-size))}<\/style>\t\t<div class=\"elementor-spacer\">\n\t\t\t<div class=\"elementor-spacer-inner\"><\/div>\n\t\t<\/div>\n\t\t\t\t<\/div>\n\t\t\t\t<\/div>\n\t\t\t\t\t<\/div>\n\t\t<\/div>\n\t\t\t\t\t\t\t<\/div>\n\t\t<\/section>\n\t\t\t\t\t\t\t<\/div>\n\t\t","protected":false},"excerpt":{"rendered":"<p>Politique QHSE Politique qualit\u00e9, s\u00e9curit\u00e9 et environnement Pour assurer le d\u00e9veloppement et la p\u00e9rennit\u00e9 de LATIS, la direction de l\u2019entreprise a d\u00e9cid\u00e9 de s\u2019engager dans une politique de respectet d\u2019am\u00e9lioration de la s\u00e9curit\u00e9 et de la qualit\u00e9. Nos enjeux Nos priorit\u00e9s Nos moyens Nos enjeux Pour conqu\u00e9rir ses clients, LATIS veut \u00eatre reconnu comme un &hellip;<\/p>\n<p class=\"read-more\"> <a class=\"\" href=\"https:\/\/latis.ma\/?page_id=559\"> <span class=\"screen-reader-text\">Politique QHSE<\/span> Read More &raquo;<\/a><\/p>\n","protected":false},"author":1,"featured_media":0,"parent":0,"menu_order":0,"comment_status":"closed","ping_status":"closed","template":"","meta":{"site-sidebar-layout":"no-sidebar","site-content-layout":"page-builder","ast-global-header-display":"","ast-main-header-display":"","ast-hfb-above-header-display":"","ast-hfb-below-header-display":"","ast-hfb-mobile-header-display":"","site-post-title":"disabled","ast-breadcrumbs-content":"","ast-featured-img":"disabled","footer-sml-layout":"","theme-transparent-header-meta":"","adv-header-id-meta":"","stick-header-meta":"","header-above-stick-meta":"","header-main-stick-meta":"","header-below-stick-meta":"","footnotes":""},"class_list":["post-559","page","type-page","status-publish","hentry"],"yoast_head":"<!-- This site is optimized with the Yoast SEO plugin v20.0 - https:\/\/yoast.com\/wordpress\/plugins\/seo\/ -->\n<title>Politique QHSE - LATIS<\/title>\n<meta name=\"robots\" content=\"index, follow, max-snippet:-1, max-image-preview:large, max-video-preview:-1\" \/>\n<link rel=\"canonical\" href=\"https:\/\/latis.ma\/?page_id=559\" \/>\n<meta property=\"og:locale\" content=\"en_US\" \/>\n<meta property=\"og:type\" content=\"article\" \/>\n<meta property=\"og:title\" content=\"Politique QHSE - LATIS\" \/>\n<meta property=\"og:description\" content=\"Politique QHSE Politique qualit\u00e9, s\u00e9curit\u00e9 et environnement Pour assurer le d\u00e9veloppement et la p\u00e9rennit\u00e9 de LATIS, la direction de l\u2019entreprise a d\u00e9cid\u00e9 de s\u2019engager dans une politique de respectet d\u2019am\u00e9lioration de la s\u00e9curit\u00e9 et de la qualit\u00e9. Nos enjeux Nos priorit\u00e9s Nos moyens Nos enjeux Pour conqu\u00e9rir ses clients, LATIS veut \u00eatre reconnu comme un &hellip; Politique QHSE Read More &raquo;\" \/>\n<meta property=\"og:url\" content=\"https:\/\/latis.ma\/?page_id=559\" \/>\n<meta property=\"og:site_name\" content=\"LATIS\" \/>\n<meta property=\"article:modified_time\" content=\"2023-01-29T17:07:13+00:00\" \/>\n<meta property=\"og:image\" content=\"https:\/\/latis.ma\/wp-content\/uploads\/2023\/01\/smart-indian-engineer-man-wearing-safety-helmet-doing-stock-tick-check-cardboard-stock-product-management-factory-warehouse-background-1024x683.jpg\" \/>\n<meta name=\"twitter:card\" content=\"summary_large_image\" \/>\n<meta name=\"twitter:label1\" content=\"Est. reading time\" \/>\n\t<meta name=\"twitter:data1\" content=\"2 minutes\" \/>\n<script type=\"application\/ld+json\" class=\"yoast-schema-graph\">{\"@context\":\"https:\/\/schema.org\",\"@graph\":[{\"@type\":\"WebPage\",\"@id\":\"https:\/\/latis.ma\/?page_id=559\",\"url\":\"https:\/\/latis.ma\/?page_id=559\",\"name\":\"Politique QHSE - LATIS\",\"isPartOf\":{\"@id\":\"https:\/\/latis.ma\/#website\"},\"datePublished\":\"2023-01-29T10:43:41+00:00\",\"dateModified\":\"2023-01-29T17:07:13+00:00\",\"breadcrumb\":{\"@id\":\"https:\/\/latis.ma\/?page_id=559#breadcrumb\"},\"inLanguage\":\"en-US\",\"potentialAction\":[{\"@type\":\"ReadAction\",\"target\":[\"https:\/\/latis.ma\/?page_id=559\"]}]},{\"@type\":\"BreadcrumbList\",\"@id\":\"https:\/\/latis.ma\/?page_id=559#breadcrumb\",\"itemListElement\":[{\"@type\":\"ListItem\",\"position\":1,\"name\":\"Home\",\"item\":\"https:\/\/latis.ma\/\"},{\"@type\":\"ListItem\",\"position\":2,\"name\":\"Politique QHSE\"}]},{\"@type\":\"WebSite\",\"@id\":\"https:\/\/latis.ma\/#website\",\"url\":\"https:\/\/latis.ma\/\",\"name\":\"LATIS\",\"description\":\"\u00c9tude, Fourniture et Montage des Installations Industrielles \",\"publisher\":{\"@id\":\"https:\/\/latis.ma\/#organization\"},\"potentialAction\":[{\"@type\":\"SearchAction\",\"target\":{\"@type\":\"EntryPoint\",\"urlTemplate\":\"https:\/\/latis.ma\/?s={search_term_string}\"},\"query-input\":\"required name=search_term_string\"}],\"inLanguage\":\"en-US\"},{\"@type\":\"Organization\",\"@id\":\"https:\/\/latis.ma\/#organization\",\"name\":\"LATIS\",\"url\":\"https:\/\/latis.ma\/\",\"logo\":{\"@type\":\"ImageObject\",\"inLanguage\":\"en-US\",\"@id\":\"https:\/\/latis.ma\/#\/schema\/logo\/image\/\",\"url\":\"https:\/\/latis.ma\/wp-content\/uploads\/2023\/01\/Reervoir-Engineering-Logo-2.png\",\"contentUrl\":\"https:\/\/latis.ma\/wp-content\/uploads\/2023\/01\/Reervoir-Engineering-Logo-2.png\",\"width\":500,\"height\":500,\"caption\":\"LATIS \"},\"image\":{\"@id\":\"https:\/\/latis.ma\/#\/schema\/logo\/image\/\"}}]}<\/script>\n<!-- \/ Yoast SEO plugin. -->","yoast_head_json":{"title":"Politique QHSE - LATIS","robots":{"index":"index","follow":"follow","max-snippet":"max-snippet:-1","max-image-preview":"max-image-preview:large","max-video-preview":"max-video-preview:-1"},"canonical":"https:\/\/latis.ma\/?page_id=559","og_locale":"en_US","og_type":"article","og_title":"Politique QHSE - LATIS","og_description":"Politique QHSE Politique qualit\u00e9, s\u00e9curit\u00e9 et environnement Pour assurer le d\u00e9veloppement et la p\u00e9rennit\u00e9 de LATIS, la direction de l\u2019entreprise a d\u00e9cid\u00e9 de s\u2019engager dans une politique de respectet d\u2019am\u00e9lioration de la s\u00e9curit\u00e9 et de la qualit\u00e9. Nos enjeux Nos priorit\u00e9s Nos moyens Nos enjeux Pour conqu\u00e9rir ses clients, LATIS veut \u00eatre reconnu comme un &hellip; Politique QHSE Read More &raquo;","og_url":"https:\/\/latis.ma\/?page_id=559","og_site_name":"LATIS","article_modified_time":"2023-01-29T17:07:13+00:00","og_image":[{"url":"https:\/\/latis.ma\/wp-content\/uploads\/2023\/01\/smart-indian-engineer-man-wearing-safety-helmet-doing-stock-tick-check-cardboard-stock-product-management-factory-warehouse-background-1024x683.jpg"}],"twitter_card":"summary_large_image","twitter_misc":{"Est. reading time":"2 minutes"},"schema":{"@context":"https:\/\/schema.org","@graph":[{"@type":"WebPage","@id":"https:\/\/latis.ma\/?page_id=559","url":"https:\/\/latis.ma\/?page_id=559","name":"Politique QHSE - LATIS","isPartOf":{"@id":"https:\/\/latis.ma\/#website"},"datePublished":"2023-01-29T10:43:41+00:00","dateModified":"2023-01-29T17:07:13+00:00","breadcrumb":{"@id":"https:\/\/latis.ma\/?page_id=559#breadcrumb"},"inLanguage":"en-US","potentialAction":[{"@type":"ReadAction","target":["https:\/\/latis.ma\/?page_id=559"]}]},{"@type":"BreadcrumbList","@id":"https:\/\/latis.ma\/?page_id=559#breadcrumb","itemListElement":[{"@type":"ListItem","position":1,"name":"Home","item":"https:\/\/latis.ma\/"},{"@type":"ListItem","position":2,"name":"Politique QHSE"}]},{"@type":"WebSite","@id":"https:\/\/latis.ma\/#website","url":"https:\/\/latis.ma\/","name":"LATIS","description":"\u00c9tude, Fourniture et Montage des Installations Industrielles ","publisher":{"@id":"https:\/\/latis.ma\/#organization"},"potentialAction":[{"@type":"SearchAction","target":{"@type":"EntryPoint","urlTemplate":"https:\/\/latis.ma\/?s={search_term_string}"},"query-input":"required name=search_term_string"}],"inLanguage":"en-US"},{"@type":"Organization","@id":"https:\/\/latis.ma\/#organization","name":"LATIS","url":"https:\/\/latis.ma\/","logo":{"@type":"ImageObject","inLanguage":"en-US","@id":"https:\/\/latis.ma\/#\/schema\/logo\/image\/","url":"https:\/\/latis.ma\/wp-content\/uploads\/2023\/01\/Reervoir-Engineering-Logo-2.png","contentUrl":"https:\/\/latis.ma\/wp-content\/uploads\/2023\/01\/Reervoir-Engineering-Logo-2.png","width":500,"height":500,"caption":"LATIS "},"image":{"@id":"https:\/\/latis.ma\/#\/schema\/logo\/image\/"}}]}},"_links":{"self":[{"href":"https:\/\/latis.ma\/index.php?rest_route=\/wp\/v2\/pages\/559","targetHints":{"allow":["GET"]}}],"collection":[{"href":"https:\/\/latis.ma\/index.php?rest_route=\/wp\/v2\/pages"}],"about":[{"href":"https:\/\/latis.ma\/index.php?rest_route=\/wp\/v2\/types\/page"}],"author":[{"embeddable":true,"href":"https:\/\/latis.ma\/index.php?rest_route=\/wp\/v2\/users\/1"}],"replies":[{"embeddable":true,"href":"https:\/\/latis.ma\/index.php?rest_route=%2Fwp%2Fv2%2Fcomments&post=559"}],"version-history":[{"count":22,"href":"https:\/\/latis.ma\/index.php?rest_route=\/wp\/v2\/pages\/559\/revisions"}],"predecessor-version":[{"id":693,"href":"https:\/\/latis.ma\/index.php?rest_route=\/wp\/v2\/pages\/559\/revisions\/693"}],"wp:attachment":[{"href":"https:\/\/latis.ma\/index.php?rest_route=%2Fwp%2Fv2%2Fmedia&parent=559"}],"curies":[{"name":"wp","href":"https:\/\/api.w.org\/{rel}","templated":true}]}}