{"id":278,"date":"2023-01-21T13:20:18","date_gmt":"2023-01-21T13:20:18","guid":{"rendered":"https:\/\/latis.ma\/?page_id=278"},"modified":"2023-01-22T10:51:49","modified_gmt":"2023-01-22T10:51:49","slug":"etudes","status":"publish","type":"page","link":"https:\/\/latis.ma\/?page_id=278","title":{"rendered":"\u00c9tudes"},"content":{"rendered":"\t\t<div data-elementor-type=\"wp-page\" data-elementor-id=\"278\" class=\"elementor elementor-278\">\n\t\t\t\t\t\t\t\t\t<section class=\"elementor-section elementor-top-section elementor-element elementor-element-412ad63 elementor-section-full_width elementor-section-height-min-height elementor-section-height-default elementor-section-items-middle wpr-particle-no wpr-jarallax-no wpr-parallax-no wpr-sticky-section-no\" data-id=\"412ad63\" data-element_type=\"section\" data-settings=\"{&quot;background_background&quot;:&quot;classic&quot;,&quot;background_motion_fx_motion_fx_scrolling&quot;:&quot;yes&quot;,&quot;motion_fx_motion_fx_scrolling&quot;:&quot;yes&quot;,&quot;background_motion_fx_devices&quot;:[&quot;desktop&quot;,&quot;tablet&quot;,&quot;mobile&quot;],&quot;motion_fx_devices&quot;:[&quot;desktop&quot;,&quot;tablet&quot;,&quot;mobile&quot;]}\">\n\t\t\t\t\t\t<div class=\"elementor-container elementor-column-gap-no\">\n\t\t\t\t\t<div class=\"elementor-column elementor-col-100 elementor-top-column elementor-element elementor-element-2ac7753\" data-id=\"2ac7753\" data-element_type=\"column\">\n\t\t\t<div class=\"elementor-widget-wrap elementor-element-populated\">\n\t\t\t\t\t\t\t\t<div class=\"elementor-element elementor-element-6df8683 elementor-widget elementor-widget-heading\" data-id=\"6df8683\" data-element_type=\"widget\" data-widget_type=\"heading.default\">\n\t\t\t\t<div class=\"elementor-widget-container\">\n\t\t\t<style>\/*! elementor - v3.10.1 - 17-01-2023 *\/\n.elementor-heading-title{padding:0;margin:0;line-height:1}.elementor-widget-heading .elementor-heading-title[class*=elementor-size-]>a{color:inherit;font-size:inherit;line-height:inherit}.elementor-widget-heading .elementor-heading-title.elementor-size-small{font-size:15px}.elementor-widget-heading .elementor-heading-title.elementor-size-medium{font-size:19px}.elementor-widget-heading .elementor-heading-title.elementor-size-large{font-size:29px}.elementor-widget-heading .elementor-heading-title.elementor-size-xl{font-size:39px}.elementor-widget-heading .elementor-heading-title.elementor-size-xxl{font-size:59px}<\/style><h2 class=\"elementor-heading-title elementor-size-default\">LATIS INDUSTRIE<\/h2>\t\t<\/div>\n\t\t\t\t<\/div>\n\t\t\t\t<div class=\"elementor-element elementor-element-6fb826b elementor-widget elementor-widget-heading\" data-id=\"6fb826b\" data-element_type=\"widget\" data-widget_type=\"heading.default\">\n\t\t\t\t<div class=\"elementor-widget-container\">\n\t\t\t<h2 class=\"elementor-heading-title elementor-size-default\">\u00c9TUDES ET R\u00c9ALISATION M\u00c9CANIQUES INDUSTRIELLES<\/h2>\t\t<\/div>\n\t\t\t\t<\/div>\n\t\t\t\t\t<\/div>\n\t\t<\/div>\n\t\t\t\t\t\t\t<\/div>\n\t\t<\/section>\n\t\t\t\t<section class=\"elementor-section elementor-top-section elementor-element elementor-element-ee6ce2d elementor-section-boxed elementor-section-height-default elementor-section-height-default wpr-particle-no wpr-jarallax-no wpr-parallax-no wpr-sticky-section-no\" data-id=\"ee6ce2d\" data-element_type=\"section\" data-settings=\"{&quot;background_background&quot;:&quot;classic&quot;}\">\n\t\t\t\t\t\t<div class=\"elementor-container elementor-column-gap-default\">\n\t\t\t\t\t<div class=\"elementor-column elementor-col-100 elementor-top-column elementor-element elementor-element-87827d7\" data-id=\"87827d7\" data-element_type=\"column\">\n\t\t\t<div class=\"elementor-widget-wrap elementor-element-populated\">\n\t\t\t\t\t\t\t\t<section class=\"elementor-section elementor-inner-section elementor-element elementor-element-e152014 elementor-section-boxed elementor-section-height-default elementor-section-height-default wpr-particle-no wpr-jarallax-no wpr-parallax-no wpr-sticky-section-no\" data-id=\"e152014\" data-element_type=\"section\">\n\t\t\t\t\t\t<div class=\"elementor-container elementor-column-gap-default\">\n\t\t\t\t\t<div class=\"elementor-column elementor-col-50 elementor-inner-column elementor-element elementor-element-247ccd3\" data-id=\"247ccd3\" data-element_type=\"column\">\n\t\t\t<div class=\"elementor-widget-wrap elementor-element-populated\">\n\t\t\t\t\t\t\t\t<div class=\"elementor-element elementor-element-8315cc4 elementor-widget elementor-widget-image\" data-id=\"8315cc4\" data-element_type=\"widget\" data-widget_type=\"image.default\">\n\t\t\t\t<div class=\"elementor-widget-container\">\n\t\t\t<style>\/*! elementor - v3.10.1 - 17-01-2023 *\/\n.elementor-widget-image{text-align:center}.elementor-widget-image a{display:inline-block}.elementor-widget-image a img[src$=\".svg\"]{width:48px}.elementor-widget-image img{vertical-align:middle;display:inline-block}<\/style>\t\t\t\t\t\t\t\t\t\t\t\t<img decoding=\"async\" src=\"https:\/\/latis.ma\/wp-content\/uploads\/elementor\/thumbs\/realisation-plan-industriel-3d-713x1024-1-q0zo7rig3em7c2ka1r6nt033l5sj14euywcz4e230w.jpg\" title=\"realisation-plan-industriel-3d-713&#215;1024\" alt=\"realisation-plan-industriel-3d-713x1024\" loading=\"lazy\" \/>\t\t\t\t\t\t\t\t\t\t\t\t\t\t\t<\/div>\n\t\t\t\t<\/div>\n\t\t\t\t\t<\/div>\n\t\t<\/div>\n\t\t\t\t<div class=\"elementor-column elementor-col-50 elementor-inner-column elementor-element elementor-element-7f3098f\" data-id=\"7f3098f\" data-element_type=\"column\">\n\t\t\t<div class=\"elementor-widget-wrap elementor-element-populated\">\n\t\t\t\t\t\t\t\t<div class=\"elementor-element elementor-element-d1b0682 elementor-widget elementor-widget-image\" data-id=\"d1b0682\" data-element_type=\"widget\" data-widget_type=\"image.default\">\n\t\t\t\t<div class=\"elementor-widget-container\">\n\t\t\t\t\t\t\t\t\t\t\t\t\t\t\t<img loading=\"lazy\" decoding=\"async\" width=\"768\" height=\"400\" src=\"https:\/\/latis.ma\/wp-content\/uploads\/2023\/01\/etudes-dessins-industriels-paris-768x400-1.jpg\" class=\"attachment-large size-large wp-image-287\" alt=\"\" srcset=\"https:\/\/latis.ma\/wp-content\/uploads\/2023\/01\/etudes-dessins-industriels-paris-768x400-1.jpg 768w, https:\/\/latis.ma\/wp-content\/uploads\/2023\/01\/etudes-dessins-industriels-paris-768x400-1-300x156.jpg 300w\" sizes=\"auto, (max-width: 768px) 100vw, 768px\" \/>\t\t\t\t\t\t\t\t\t\t\t\t\t\t\t<\/div>\n\t\t\t\t<\/div>\n\t\t\t\t<div class=\"elementor-element elementor-element-f3261e5 elementor-widget elementor-widget-text-editor\" data-id=\"f3261e5\" data-element_type=\"widget\" data-widget_type=\"text-editor.default\">\n\t\t\t\t<div class=\"elementor-widget-container\">\n\t\t\t<style>\/*! elementor - v3.10.1 - 17-01-2023 *\/\n.elementor-widget-text-editor.elementor-drop-cap-view-stacked .elementor-drop-cap{background-color:#818a91;color:#fff}.elementor-widget-text-editor.elementor-drop-cap-view-framed .elementor-drop-cap{color:#818a91;border:3px solid;background-color:transparent}.elementor-widget-text-editor:not(.elementor-drop-cap-view-default) .elementor-drop-cap{margin-top:8px}.elementor-widget-text-editor:not(.elementor-drop-cap-view-default) .elementor-drop-cap-letter{width:1em;height:1em}.elementor-widget-text-editor .elementor-drop-cap{float:left;text-align:center;line-height:1;font-size:50px}.elementor-widget-text-editor .elementor-drop-cap-letter{display:inline-block}<\/style>\t\t\t\t<p><span style=\"font-size: 17px; background-color: #e9e9e9;\">LATIS\u00a0 analyse vos besoins et attentes afin de r\u00e9aliser ensemble vos projets. Nos dessinateurs et concepteurs qualifi\u00e9s entretiennent un \u00e9change direct avec nos clients, nous permettant ainsi de vous guider, de vous proposer des am\u00e9liorations ou modifications si n\u00e9cessaire. Nous sommes \u00e9galement en mesure de r\u00e9aliser pour vous une \u00e9tude pr\u00e9liminaire de vos pi\u00e8ces et structures m\u00e9talliques. Nos logiciels 3D (ex : SolidWorks) nous permettent de couvrir une large demande et d\u2019agir plus pr\u00e9cis\u00e9ment dans la r\u00e9alisation de votre projet.<\/span><\/p>\t\t\t\t\t\t<\/div>\n\t\t\t\t<\/div>\n\t\t\t\t\t<\/div>\n\t\t<\/div>\n\t\t\t\t\t\t\t<\/div>\n\t\t<\/section>\n\t\t\t\t\t<\/div>\n\t\t<\/div>\n\t\t\t\t\t\t\t<\/div>\n\t\t<\/section>\n\t\t\t\t<section class=\"elementor-section elementor-top-section elementor-element elementor-element-556372d elementor-section-full_width elementor-section-height-default elementor-section-height-default wpr-particle-no wpr-jarallax-no wpr-parallax-no wpr-sticky-section-no\" data-id=\"556372d\" data-element_type=\"section\" data-settings=\"{&quot;background_background&quot;:&quot;classic&quot;}\">\n\t\t\t\t\t\t<div class=\"elementor-container elementor-column-gap-no\">\n\t\t\t\t\t<div class=\"elementor-column elementor-col-100 elementor-top-column elementor-element elementor-element-9332525\" data-id=\"9332525\" data-element_type=\"column\">\n\t\t\t<div class=\"elementor-widget-wrap elementor-element-populated\">\n\t\t\t\t\t\t\t\t<div class=\"elementor-element elementor-element-eb42330 elementor-view-default elementor-widget elementor-widget-icon\" data-id=\"eb42330\" data-element_type=\"widget\" data-widget_type=\"icon.default\">\n\t\t\t\t<div class=\"elementor-widget-container\">\n\t\t\t\t\t<div class=\"elementor-icon-wrapper\">\n\t\t\t<div class=\"elementor-icon\">\n\t\t\t<i aria-hidden=\"true\" class=\"fas fa-quote-left\"><\/i>\t\t\t<\/div>\n\t\t<\/div>\n\t\t\t\t<\/div>\n\t\t\t\t<\/div>\n\t\t\t\t<div class=\"elementor-element elementor-element-7adfaff elementor-widget elementor-widget-heading\" data-id=\"7adfaff\" data-element_type=\"widget\" data-widget_type=\"heading.default\">\n\t\t\t\t<div class=\"elementor-widget-container\">\n\t\t\t<h2 class=\"elementor-heading-title elementor-size-default\"><span style=\"font-family: Arial, sans-serif; font-size: 40px; font-style: italic; font-weight: 400; white-space: normal; background-color: rgb(233, 233, 233); color: rgb(255, 0, 0);\">\u2018\u2018<\/span><span style=\"color: rgb(0, 0, 0); font-family: Arial, sans-serif; font-size: 40px; font-style: italic; font-weight: 400; white-space: normal; background-color: rgb(233, 233, 233);\">Un bureau d\u2019\u00e9tude comp\u00e9tent pour r\u00e9aliser vos projets m\u00e9caniques, des plus simples aux plus complexes<\/span><span style=\"font-family: Arial, sans-serif; font-size: 40px; font-style: italic; font-weight: 400; white-space: normal; background-color: rgb(233, 233, 233); color: rgb(255, 0, 0);\">\u201d<\/span><\/h2>\t\t<\/div>\n\t\t\t\t<\/div>\n\t\t\t\t\t<\/div>\n\t\t<\/div>\n\t\t\t\t\t\t\t<\/div>\n\t\t<\/section>\n\t\t\t\t<section class=\"elementor-section elementor-top-section elementor-element elementor-element-a136222 elementor-section-full_width elementor-section-height-default elementor-section-height-default wpr-particle-no wpr-jarallax-no wpr-parallax-no wpr-sticky-section-no\" data-id=\"a136222\" data-element_type=\"section\" data-settings=\"{&quot;background_background&quot;:&quot;classic&quot;}\">\n\t\t\t\t\t\t<div class=\"elementor-container elementor-column-gap-default\">\n\t\t\t\t\t<div class=\"elementor-column elementor-col-50 elementor-top-column elementor-element elementor-element-6bb238a\" data-id=\"6bb238a\" data-element_type=\"column\">\n\t\t\t<div class=\"elementor-widget-wrap elementor-element-populated\">\n\t\t\t\t\t\t\t\t<div class=\"elementor-element elementor-element-9c47348 elementor-widget elementor-widget-image\" data-id=\"9c47348\" data-element_type=\"widget\" data-widget_type=\"image.default\">\n\t\t\t\t<div class=\"elementor-widget-container\">\n\t\t\t\t\t\t\t\t\t\t\t\t\t\t\t<img loading=\"lazy\" decoding=\"async\" width=\"768\" height=\"400\" src=\"https:\/\/latis.ma\/wp-content\/uploads\/2023\/01\/Etudes-projets-industriels-solid-works-768x400-1.jpg\" class=\"attachment-large size-large wp-image-289\" alt=\"\" srcset=\"https:\/\/latis.ma\/wp-content\/uploads\/2023\/01\/Etudes-projets-industriels-solid-works-768x400-1.jpg 768w, https:\/\/latis.ma\/wp-content\/uploads\/2023\/01\/Etudes-projets-industriels-solid-works-768x400-1-300x156.jpg 300w\" sizes=\"auto, (max-width: 768px) 100vw, 768px\" \/>\t\t\t\t\t\t\t\t\t\t\t\t\t\t\t<\/div>\n\t\t\t\t<\/div>\n\t\t\t\t\t<\/div>\n\t\t<\/div>\n\t\t\t\t<div class=\"elementor-column elementor-col-50 elementor-top-column elementor-element elementor-element-a08da25\" data-id=\"a08da25\" data-element_type=\"column\">\n\t\t\t<div class=\"elementor-widget-wrap elementor-element-populated\">\n\t\t\t\t\t\t\t\t<div class=\"elementor-element elementor-element-be82c5b elementor-widget elementor-widget-image\" data-id=\"be82c5b\" data-element_type=\"widget\" data-widget_type=\"image.default\">\n\t\t\t\t<div class=\"elementor-widget-container\">\n\t\t\t\t\t\t\t\t\t\t\t\t\t\t\t<img loading=\"lazy\" decoding=\"async\" width=\"652\" height=\"475\" src=\"https:\/\/latis.ma\/wp-content\/uploads\/2023\/01\/etude-industrielle-illustration.jpg\" class=\"attachment-large size-large wp-image-288\" alt=\"\" srcset=\"https:\/\/latis.ma\/wp-content\/uploads\/2023\/01\/etude-industrielle-illustration.jpg 652w, https:\/\/latis.ma\/wp-content\/uploads\/2023\/01\/etude-industrielle-illustration-300x219.jpg 300w\" sizes=\"auto, (max-width: 652px) 100vw, 652px\" \/>\t\t\t\t\t\t\t\t\t\t\t\t\t\t\t<\/div>\n\t\t\t\t<\/div>\n\t\t\t\t\t<\/div>\n\t\t<\/div>\n\t\t\t\t\t\t\t<\/div>\n\t\t<\/section>\n\t\t\t\t<section class=\"elementor-section elementor-top-section elementor-element elementor-element-05ac998 elementor-section-full_width elementor-section-height-default elementor-section-height-default wpr-particle-no wpr-jarallax-no wpr-parallax-no wpr-sticky-section-no\" data-id=\"05ac998\" data-element_type=\"section\" data-settings=\"{&quot;background_background&quot;:&quot;classic&quot;}\">\n\t\t\t\t\t\t<div class=\"elementor-container elementor-column-gap-default\">\n\t\t\t\t\t<div class=\"elementor-column elementor-col-100 elementor-top-column elementor-element elementor-element-64a640d\" data-id=\"64a640d\" data-element_type=\"column\">\n\t\t\t<div class=\"elementor-widget-wrap elementor-element-populated\">\n\t\t\t\t\t\t\t\t<div class=\"elementor-element elementor-element-5ee4a9d elementor-widget elementor-widget-heading\" data-id=\"5ee4a9d\" data-element_type=\"widget\" data-widget_type=\"heading.default\">\n\t\t\t\t<div class=\"elementor-widget-container\">\n\t\t\t<h2 class=\"elementor-heading-title elementor-size-default\">VOTRE PARTENAIRE INDUSTRIEL <\/h2>\t\t<\/div>\n\t\t\t\t<\/div>\n\t\t\t\t<div class=\"elementor-element elementor-element-b381a9a elementor-widget elementor-widget-heading\" data-id=\"b381a9a\" data-element_type=\"widget\" data-widget_type=\"heading.default\">\n\t\t\t\t<div class=\"elementor-widget-container\">\n\t\t\t<h6 class=\"elementor-heading-title elementor-size-default\">Discutons ensemble de vos besoins pour vous \u00e9tablir un devis pr\u00e9cis rapide et gratuit<\/h6>\t\t<\/div>\n\t\t\t\t<\/div>\n\t\t\t\t<div class=\"elementor-element elementor-element-781b79b elementor-align-center elementor-widget elementor-widget-button\" data-id=\"781b79b\" data-element_type=\"widget\" data-widget_type=\"button.default\">\n\t\t\t\t<div class=\"elementor-widget-container\">\n\t\t\t\t\t<div class=\"elementor-button-wrapper\">\n\t\t\t<a href=\"https:\/\/latis.ma\/?page_id=16\" class=\"elementor-button-link elementor-button elementor-size-sm\" role=\"button\">\n\t\t\t\t\t\t<span class=\"elementor-button-content-wrapper\">\n\t\t\t\t\t\t<span class=\"elementor-button-text\">Contactez nous<\/span>\n\t\t<\/span>\n\t\t\t\t\t<\/a>\n\t\t<\/div>\n\t\t\t\t<\/div>\n\t\t\t\t<\/div>\n\t\t\t\t\t<\/div>\n\t\t<\/div>\n\t\t\t\t\t\t\t<\/div>\n\t\t<\/section>\n\t\t\t\t\t\t\t<\/div>\n\t\t","protected":false},"excerpt":{"rendered":"<p>LATIS INDUSTRIE \u00c9TUDES ET R\u00c9ALISATION M\u00c9CANIQUES INDUSTRIELLES LATIS\u00a0 analyse vos besoins et attentes afin de r\u00e9aliser ensemble vos projets. Nos dessinateurs et concepteurs qualifi\u00e9s entretiennent un \u00e9change direct avec nos clients, nous permettant ainsi de vous guider, de vous proposer des am\u00e9liorations ou modifications si n\u00e9cessaire. Nous sommes \u00e9galement en mesure de r\u00e9aliser pour vous &hellip;<\/p>\n<p class=\"read-more\"> <a class=\"\" href=\"https:\/\/latis.ma\/?page_id=278\"> <span class=\"screen-reader-text\">\u00c9tudes<\/span> Read More &raquo;<\/a><\/p>\n","protected":false},"author":1,"featured_media":0,"parent":0,"menu_order":0,"comment_status":"closed","ping_status":"closed","template":"","meta":{"site-sidebar-layout":"no-sidebar","site-content-layout":"page-builder","ast-global-header-display":"","ast-main-header-display":"","ast-hfb-above-header-display":"","ast-hfb-below-header-display":"","ast-hfb-mobile-header-display":"","site-post-title":"disabled","ast-breadcrumbs-content":"","ast-featured-img":"disabled","footer-sml-layout":"","theme-transparent-header-meta":"","adv-header-id-meta":"","stick-header-meta":"","header-above-stick-meta":"","header-main-stick-meta":"","header-below-stick-meta":"","footnotes":""},"class_list":["post-278","page","type-page","status-publish","hentry"],"yoast_head":"<!-- This site is optimized with the Yoast SEO plugin v20.0 - https:\/\/yoast.com\/wordpress\/plugins\/seo\/ -->\n<title>\u00c9tudes - LATIS<\/title>\n<meta name=\"robots\" content=\"index, follow, max-snippet:-1, max-image-preview:large, max-video-preview:-1\" \/>\n<link rel=\"canonical\" href=\"https:\/\/latis.ma\/?page_id=278\" \/>\n<meta property=\"og:locale\" content=\"en_US\" \/>\n<meta property=\"og:type\" content=\"article\" \/>\n<meta property=\"og:title\" content=\"\u00c9tudes - LATIS\" \/>\n<meta property=\"og:description\" content=\"LATIS INDUSTRIE \u00c9TUDES ET R\u00c9ALISATION M\u00c9CANIQUES INDUSTRIELLES LATIS\u00a0 analyse vos besoins et attentes afin de r\u00e9aliser ensemble vos projets. Nos dessinateurs et concepteurs qualifi\u00e9s entretiennent un \u00e9change direct avec nos clients, nous permettant ainsi de vous guider, de vous proposer des am\u00e9liorations ou modifications si n\u00e9cessaire. Nous sommes \u00e9galement en mesure de r\u00e9aliser pour vous &hellip; \u00c9tudes Read More &raquo;\" \/>\n<meta property=\"og:url\" content=\"https:\/\/latis.ma\/?page_id=278\" \/>\n<meta property=\"og:site_name\" content=\"LATIS\" \/>\n<meta property=\"article:modified_time\" content=\"2023-01-22T10:51:49+00:00\" \/>\n<meta property=\"og:image\" content=\"https:\/\/latis.ma\/wp-content\/uploads\/elementor\/thumbs\/realisation-plan-industriel-3d-713x1024-1-q0zo7rig3em7c2ka1r6nt033l5sj14euywcz1aq0wg.jpg\" \/>\n<meta name=\"twitter:card\" content=\"summary_large_image\" \/>\n<meta name=\"twitter:label1\" content=\"Est. reading time\" \/>\n\t<meta name=\"twitter:data1\" content=\"1 minute\" \/>\n<script type=\"application\/ld+json\" class=\"yoast-schema-graph\">{\"@context\":\"https:\/\/schema.org\",\"@graph\":[{\"@type\":\"WebPage\",\"@id\":\"https:\/\/latis.ma\/?page_id=278\",\"url\":\"https:\/\/latis.ma\/?page_id=278\",\"name\":\"\u00c9tudes - LATIS\",\"isPartOf\":{\"@id\":\"https:\/\/latis.ma\/#website\"},\"datePublished\":\"2023-01-21T13:20:18+00:00\",\"dateModified\":\"2023-01-22T10:51:49+00:00\",\"breadcrumb\":{\"@id\":\"https:\/\/latis.ma\/?page_id=278#breadcrumb\"},\"inLanguage\":\"en-US\",\"potentialAction\":[{\"@type\":\"ReadAction\",\"target\":[\"https:\/\/latis.ma\/?page_id=278\"]}]},{\"@type\":\"BreadcrumbList\",\"@id\":\"https:\/\/latis.ma\/?page_id=278#breadcrumb\",\"itemListElement\":[{\"@type\":\"ListItem\",\"position\":1,\"name\":\"Home\",\"item\":\"https:\/\/latis.ma\/\"},{\"@type\":\"ListItem\",\"position\":2,\"name\":\"\u00c9tudes\"}]},{\"@type\":\"WebSite\",\"@id\":\"https:\/\/latis.ma\/#website\",\"url\":\"https:\/\/latis.ma\/\",\"name\":\"LATIS\",\"description\":\"\u00c9tude, Fourniture et Montage des Installations Industrielles \",\"publisher\":{\"@id\":\"https:\/\/latis.ma\/#organization\"},\"potentialAction\":[{\"@type\":\"SearchAction\",\"target\":{\"@type\":\"EntryPoint\",\"urlTemplate\":\"https:\/\/latis.ma\/?s={search_term_string}\"},\"query-input\":\"required name=search_term_string\"}],\"inLanguage\":\"en-US\"},{\"@type\":\"Organization\",\"@id\":\"https:\/\/latis.ma\/#organization\",\"name\":\"LATIS\",\"url\":\"https:\/\/latis.ma\/\",\"logo\":{\"@type\":\"ImageObject\",\"inLanguage\":\"en-US\",\"@id\":\"https:\/\/latis.ma\/#\/schema\/logo\/image\/\",\"url\":\"https:\/\/latis.ma\/wp-content\/uploads\/2023\/01\/Reervoir-Engineering-Logo-2.png\",\"contentUrl\":\"https:\/\/latis.ma\/wp-content\/uploads\/2023\/01\/Reervoir-Engineering-Logo-2.png\",\"width\":500,\"height\":500,\"caption\":\"LATIS \"},\"image\":{\"@id\":\"https:\/\/latis.ma\/#\/schema\/logo\/image\/\"}}]}<\/script>\n<!-- \/ Yoast SEO plugin. -->","yoast_head_json":{"title":"\u00c9tudes - LATIS","robots":{"index":"index","follow":"follow","max-snippet":"max-snippet:-1","max-image-preview":"max-image-preview:large","max-video-preview":"max-video-preview:-1"},"canonical":"https:\/\/latis.ma\/?page_id=278","og_locale":"en_US","og_type":"article","og_title":"\u00c9tudes - LATIS","og_description":"LATIS INDUSTRIE \u00c9TUDES ET R\u00c9ALISATION M\u00c9CANIQUES INDUSTRIELLES LATIS\u00a0 analyse vos besoins et attentes afin de r\u00e9aliser ensemble vos projets. Nos dessinateurs et concepteurs qualifi\u00e9s entretiennent un \u00e9change direct avec nos clients, nous permettant ainsi de vous guider, de vous proposer des am\u00e9liorations ou modifications si n\u00e9cessaire. Nous sommes \u00e9galement en mesure de r\u00e9aliser pour vous &hellip; \u00c9tudes Read More &raquo;","og_url":"https:\/\/latis.ma\/?page_id=278","og_site_name":"LATIS","article_modified_time":"2023-01-22T10:51:49+00:00","og_image":[{"url":"https:\/\/latis.ma\/wp-content\/uploads\/elementor\/thumbs\/realisation-plan-industriel-3d-713x1024-1-q0zo7rig3em7c2ka1r6nt033l5sj14euywcz1aq0wg.jpg"}],"twitter_card":"summary_large_image","twitter_misc":{"Est. reading time":"1 minute"},"schema":{"@context":"https:\/\/schema.org","@graph":[{"@type":"WebPage","@id":"https:\/\/latis.ma\/?page_id=278","url":"https:\/\/latis.ma\/?page_id=278","name":"\u00c9tudes - LATIS","isPartOf":{"@id":"https:\/\/latis.ma\/#website"},"datePublished":"2023-01-21T13:20:18+00:00","dateModified":"2023-01-22T10:51:49+00:00","breadcrumb":{"@id":"https:\/\/latis.ma\/?page_id=278#breadcrumb"},"inLanguage":"en-US","potentialAction":[{"@type":"ReadAction","target":["https:\/\/latis.ma\/?page_id=278"]}]},{"@type":"BreadcrumbList","@id":"https:\/\/latis.ma\/?page_id=278#breadcrumb","itemListElement":[{"@type":"ListItem","position":1,"name":"Home","item":"https:\/\/latis.ma\/"},{"@type":"ListItem","position":2,"name":"\u00c9tudes"}]},{"@type":"WebSite","@id":"https:\/\/latis.ma\/#website","url":"https:\/\/latis.ma\/","name":"LATIS","description":"\u00c9tude, Fourniture et Montage des Installations Industrielles ","publisher":{"@id":"https:\/\/latis.ma\/#organization"},"potentialAction":[{"@type":"SearchAction","target":{"@type":"EntryPoint","urlTemplate":"https:\/\/latis.ma\/?s={search_term_string}"},"query-input":"required name=search_term_string"}],"inLanguage":"en-US"},{"@type":"Organization","@id":"https:\/\/latis.ma\/#organization","name":"LATIS","url":"https:\/\/latis.ma\/","logo":{"@type":"ImageObject","inLanguage":"en-US","@id":"https:\/\/latis.ma\/#\/schema\/logo\/image\/","url":"https:\/\/latis.ma\/wp-content\/uploads\/2023\/01\/Reervoir-Engineering-Logo-2.png","contentUrl":"https:\/\/latis.ma\/wp-content\/uploads\/2023\/01\/Reervoir-Engineering-Logo-2.png","width":500,"height":500,"caption":"LATIS "},"image":{"@id":"https:\/\/latis.ma\/#\/schema\/logo\/image\/"}}]}},"_links":{"self":[{"href":"https:\/\/latis.ma\/index.php?rest_route=\/wp\/v2\/pages\/278","targetHints":{"allow":["GET"]}}],"collection":[{"href":"https:\/\/latis.ma\/index.php?rest_route=\/wp\/v2\/pages"}],"about":[{"href":"https:\/\/latis.ma\/index.php?rest_route=\/wp\/v2\/types\/page"}],"author":[{"embeddable":true,"href":"https:\/\/latis.ma\/index.php?rest_route=\/wp\/v2\/users\/1"}],"replies":[{"embeddable":true,"href":"https:\/\/latis.ma\/index.php?rest_route=%2Fwp%2Fv2%2Fcomments&post=278"}],"version-history":[{"count":37,"href":"https:\/\/latis.ma\/index.php?rest_route=\/wp\/v2\/pages\/278\/revisions"}],"predecessor-version":[{"id":382,"href":"https:\/\/latis.ma\/index.php?rest_route=\/wp\/v2\/pages\/278\/revisions\/382"}],"wp:attachment":[{"href":"https:\/\/latis.ma\/index.php?rest_route=%2Fwp%2Fv2%2Fmedia&parent=278"}],"curies":[{"name":"wp","href":"https:\/\/api.w.org\/{rel}","templated":true}]}}